{"id":50,"date":"2019-11-25T11:08:59","date_gmt":"2019-11-25T11:08:59","guid":{"rendered":"https:\/\/thyssenkrupp-plastic.es\/solarzone\/?page_id=50"},"modified":"2025-07-04T13:43:06","modified_gmt":"2025-07-04T11:43:06","slug":"productos","status":"publish","type":"page","link":"https:\/\/thyssenkrupp-plastic.es\/solarzone\/productos\/","title":{"rendered":"productos"},"content":{"rendered":"[vc_row type=\u00bbfull_width_background\u00bb full_screen_row_position=\u00bbmiddle\u00bb equal_height=\u00bbyes\u00bb content_placement=\u00bbmiddle\u00bb column_margin=\u00bbdefault\u00bb scene_position=\u00bbcenter\u00bb text_color=\u00bbdark\u00bb text_align=\u00bbleft\u00bb top_padding=\u00bb6%\u00bb bottom_padding=\u00bb6%\u00bb enable_gradient=\u00bbtrue\u00bb color_overlay=\u00bb#eaf1fd\u00bb gradient_direction=\u00bbtop_to_bottom\u00bb overlay_strength=\u00bb1&#8243; shape_divider_color=\u00bb#f4f4f4&#8243; shape_divider_position=\u00bbbottom\u00bb shape_divider_height=\u00bb40%\u00bb bg_image_animation=\u00bbnone\u00bb shape_type=\u00bbcurve_opacity\u00bb][vc_column column_padding=\u00bbno-extra-padding\u00bb column_padding_position=\u00bbright\u00bb background_color_opacity=\u00bb1&#8243; background_hover_color_opacity=\u00bb1&#8243; column_link_target=\u00bb_self\u00bb column_shadow=\u00bbnone\u00bb column_border_radius=\u00bbnone\u00bb width=\u00bb1\/1&#8243; tablet_width_inherit=\u00bbdefault\u00bb tablet_text_alignment=\u00bbdefault\u00bb phone_text_alignment=\u00bbdefault\u00bb overlay_strength=\u00bb0.3&#8243; column_border_width=\u00bbnone\u00bb column_border_style=\u00bbsolid\u00bb bg_image_animation=\u00bbnone\u00bb][vc_row_inner column_margin=\u00bbdefault\u00bb bottom_padding=\u00bb2%\u00bb text_align=\u00bbleft\u00bb][vc_column_inner column_padding=\u00bbno-extra-padding\u00bb column_padding_position=\u00bball\u00bb background_color_opacity=\u00bb1&#8243; background_hover_color_opacity=\u00bb1&#8243; column_shadow=\u00bbnone\u00bb column_border_radius=\u00bbnone\u00bb column_link_target=\u00bb_self\u00bb width=\u00bb1\/6&#8243; tablet_width_inherit=\u00bbdefault\u00bb overlay_strength=\u00bb0.3&#8243; column_border_width=\u00bbnone\u00bb column_border_style=\u00bbsolid\u00bb bg_image_animation=\u00bbnone\u00bb][\/vc_column_inner][vc_column_inner column_padding=\u00bbno-extra-padding\u00bb column_padding_position=\u00bball\u00bb centered_text=\u00bbtrue\u00bb background_color_opacity=\u00bb1&#8243; background_hover_color_opacity=\u00bb1&#8243; column_shadow=\u00bbnone\u00bb column_border_radius=\u00bbnone\u00bb column_link_target=\u00bb_self\u00bb width=\u00bb2\/3&#8243; tablet_width_inherit=\u00bbdefault\u00bb overlay_strength=\u00bb0.3&#8243; column_border_width=\u00bbnone\u00bb column_border_style=\u00bbsolid\u00bb bg_image_animation=\u00bbnone\u00bb][split_line_heading animation_type=\u00bbline-reveal-by-space\u00bb font_style=\u00bbh2&#8243; text_content=\u00bbDescubre la gama de productos de SolarZone\u00bb][\/split_line_heading][\/vc_column_inner][vc_column_inner column_padding=\u00bbno-extra-padding\u00bb column_padding_position=\u00bball\u00bb background_color_opacity=\u00bb1&#8243; background_hover_color_opacity=\u00bb1&#8243; column_shadow=\u00bbnone\u00bb column_border_radius=\u00bbnone\u00bb column_link_target=\u00bb_self\u00bb width=\u00bb1\/6&#8243; tablet_width_inherit=\u00bbdefault\u00bb overlay_strength=\u00bb0.3&#8243; column_border_width=\u00bbnone\u00bb column_border_style=\u00bbsolid\u00bb bg_image_animation=\u00bbnone\u00bb][\/vc_column_inner][\/vc_row_inner][vc_row_inner column_margin=\u00bb20px\u00bb text_align=\u00bbleft\u00bb][vc_column_inner column_padding=\u00bbno-extra-padding\u00bb column_padding_position=\u00bball\u00bb background_color_opacity=\u00bb1&#8243; background_hover_color_opacity=\u00bb1&#8243; column_shadow=\u00bbnone\u00bb column_border_radius=\u00bbnone\u00bb column_link_target=\u00bb_self\u00bb width=\u00bb1\/2&#8243; tablet_width_inherit=\u00bbdefault\u00bb overlay_strength=\u00bb0.3&#8243; column_border_width=\u00bbnone\u00bb column_border_style=\u00bbsolid\u00bb bg_image_animation=\u00bbnone\u00bb enable_animation=\u00bbtrue\u00bb animation=\u00bbfade-in-from-bottom\u00bb delay=\u00bb100&#8243;][fancy_box box_style=\u00bbhover_desc\u00bb icon_family=\u00bbiconsmind\u00bb image_url=\u00bb109&#8243; hover_color=\u00bbaccent-color\u00bb border_radius=\u00bb5px\u00bb image_loading=\u00bblazy-load\u00bb color_scheme=\u00bbdark\u00bb secondary_content=\u00bbhere&#8217;s some awesome text that would only be shown on hover\u00bb min_height=\u00bb350&#8243; hover_content=\u00bbLas l\u00e1minas de exterior son la soluci\u00f3n perfecta para conseguir un ambiente fresco y confortable y maximizan el ahorro en coste de energ\u00eda, mejorando las propiedades del edificio\u00bb icon_iconsmind=\u00bbiconsmind-Empire-StateBuilding\u00bb icon_size=\u00bb34&#8243; link_url=\u00bb\/solarzone\/productos\/lamina-solares-para-edificios\/\u00bb]\n<h3>L\u00e1minas solares para edificios<\/h3>\n[\/fancy_box][\/vc_column_inner][vc_column_inner column_padding=\u00bbno-extra-padding\u00bb column_padding_position=\u00bball\u00bb background_color_opacity=\u00bb1&#8243; background_hover_color_opacity=\u00bb1&#8243; column_shadow=\u00bbnone\u00bb column_border_radius=\u00bbnone\u00bb column_link_target=\u00bb_self\u00bb width=\u00bb1\/2&#8243; tablet_width_inherit=\u00bbdefault\u00bb overlay_strength=\u00bb0.3&#8243; column_border_width=\u00bbnone\u00bb column_border_style=\u00bbsolid\u00bb bg_image_animation=\u00bbnone\u00bb enable_animation=\u00bbtrue\u00bb animation=\u00bbfade-in-from-bottom\u00bb delay=\u00bb200&#8243;][fancy_box box_style=\u00bbhover_desc\u00bb icon_family=\u00bbiconsmind\u00bb image_url=\u00bb107&#8243; hover_color=\u00bbaccent-color\u00bb border_radius=\u00bb5px\u00bb image_loading=\u00bblazy-load\u00bb color_scheme=\u00bbdark\u00bb secondary_content=\u00bbhere&#8217;s some awesome text that would only be shown on hover\u00bb min_height=\u00bb350&#8243; hover_content=\u00bbProtecci\u00f3n para Ventanas espejos, Transporte p\u00fablico, Escaparates, Ascensores&#8230;\u00bb icon_iconsmind=\u00bbiconsmind-Security-Block\u00bb icon_size=\u00bb34&#8243; link_url=\u00bb\/solarzone\/productos\/lamina-proteccion-seguridad\/\u00bb]\n<h3>L\u00e1minas de protecci\u00f3n y seguridad<\/h3>\n[\/fancy_box][\/vc_column_inner][\/vc_row_inner][vc_row_inner column_margin=\u00bb20px\u00bb text_align=\u00bbleft\u00bb][vc_column_inner column_padding=\u00bbno-extra-padding\u00bb column_padding_position=\u00bball\u00bb background_color_opacity=\u00bb1&#8243; background_hover_color_opacity=\u00bb1&#8243; column_shadow=\u00bbnone\u00bb column_border_radius=\u00bbnone\u00bb column_link_target=\u00bb_self\u00bb width=\u00bb1\/2&#8243; tablet_width_inherit=\u00bbdefault\u00bb overlay_strength=\u00bb0.3&#8243; column_border_width=\u00bbnone\u00bb column_border_style=\u00bbsolid\u00bb bg_image_animation=\u00bbnone\u00bb enable_animation=\u00bbtrue\u00bb animation=\u00bbfade-in-from-bottom\u00bb][fancy_box box_style=\u00bbhover_desc\u00bb icon_family=\u00bbiconsmind\u00bb image_url=\u00bb108&#8243; hover_color=\u00bbaccent-color\u00bb border_radius=\u00bb5px\u00bb image_loading=\u00bblazy-load\u00bb color_scheme=\u00bbdark\u00bb secondary_content=\u00bbhere&#8217;s some awesome text that would only be shown on hover\u00bb min_height=\u00bb350&#8243; hover_content=\u00bbDise\u00f1ada espec\u00edficamente para aplicaciones exteriores, tanto en vertical como en horizontal y\/o inclinado, sobre sustratos de pl\u00e1stico r\u00edgido.\u00bb icon_iconsmind=\u00bbiconsmind-Laser\u00bb icon_size=\u00bb34&#8243; link_url=\u00bb\/solarzone\/productos\/laminas-para-cerramientos-plasticos\/\u00bb]\n<h3>L\u00e1minas solares para cerramientos pl\u00e1sticos<\/h3>\n[\/fancy_box][\/vc_column_inner][vc_column_inner column_padding=\u00bbno-extra-padding\u00bb column_padding_position=\u00bball\u00bb background_color_opacity=\u00bb1&#8243; background_hover_color_opacity=\u00bb1&#8243; column_shadow=\u00bbnone\u00bb column_border_radius=\u00bbnone\u00bb column_link_target=\u00bb_self\u00bb width=\u00bb1\/2&#8243; tablet_width_inherit=\u00bbdefault\u00bb overlay_strength=\u00bb0.3&#8243; column_border_width=\u00bbnone\u00bb column_border_style=\u00bbsolid\u00bb bg_image_animation=\u00bbnone\u00bb enable_animation=\u00bbtrue\u00bb animation=\u00bbfade-in-from-bottom\u00bb delay=\u00bb100&#8243;][fancy_box box_style=\u00bbhover_desc\u00bb icon_family=\u00bbiconsmind\u00bb image_url=\u00bb105&#8243; hover_color=\u00bbaccent-color\u00bb border_radius=\u00bb5px\u00bb image_loading=\u00bblazy-load\u00bb color_scheme=\u00bbdark\u00bb secondary_content=\u00bbhere&#8217;s some awesome text that would only be shown on hover\u00bb min_height=\u00bb350&#8243; hover_content=\u00bbL\u00e1minas solares para veh\u00edculos multicapa de alto rendimiento disponibles en cinco opacidades, desde un 04% hasta un 35% de luz visible transmitida.\u00bb icon_iconsmind=\u00bbiconsmind-Car-3&#8243; icon_size=\u00bb34&#8243; link_url=\u00bb\/solarzone\/productos\/lamina-solares-para-coches\/\u00bb]\n<h3>L\u00e1minas solares para autom\u00f3vil<\/h3>\n[\/fancy_box][\/vc_column_inner][\/vc_row_inner][\/vc_column][\/vc_row]\n","protected":false},"excerpt":{"rendered":"<p>[vc_row type=\u00bbfull_width_background\u00bb full_screen_row_position=\u00bbmiddle\u00bb equal_height=\u00bbyes\u00bb content_placement=\u00bbmiddle\u00bb column_margin=\u00bbdefault\u00bb scene_position=\u00bbcenter\u00bb text_color=\u00bbdark\u00bb text_align=\u00bbleft\u00bb top_padding=\u00bb6%\u00bb bottom_padding=\u00bb6%\u00bb enable_gradient=\u00bbtrue\u00bb color_overlay=\u00bb#eaf1fd\u00bb gradient_direction=\u00bbtop_to_bottom\u00bb overlay_strength=\u00bb1&#8243; shape_divider_color=\u00bb#f4f4f4&#8243; shape_divider_position=\u00bbbottom\u00bb shape_divider_height=\u00bb40%\u00bb bg_image_animation=\u00bbnone\u00bb shape_type=\u00bbcurve_opacity\u00bb][vc_column column_padding=\u00bbno-extra-padding\u00bb column_padding_position=\u00bbright\u00bb background_color_opacity=\u00bb1&#8243; background_hover_color_opacity=\u00bb1&#8243; column_link_target=\u00bb_self\u00bb column_shadow=\u00bbnone\u00bb column_border_radius=\u00bbnone\u00bb width=\u00bb1\/1&#8243; tablet_width_inherit=\u00bbdefault\u00bb tablet_text_alignment=\u00bbdefault\u00bb&#8230;<\/p>\n","protected":false},"author":1,"featured_media":0,"parent":0,"menu_order":0,"comment_status":"closed","ping_status":"closed","template":"","meta":{"footnotes":""},"class_list":["post-50","page","type-page","status-publish"],"yoast_head":"<!-- This site is optimized with the Yoast SEO plugin v25.9 - https:\/\/yoast.com\/wordpress\/plugins\/seo\/ -->\n<title>Productos Solarzone \u00ae | Eficiencia Energ\u00e9tica<\/title>\n<meta name=\"robots\" content=\"index, follow, max-snippet:-1, max-image-preview:large, max-video-preview:-1\" \/>\n<link rel=\"canonical\" href=\"https:\/\/thyssenkrupp-plastic.es\/solarzone\/productos\/\" \/>\n<meta property=\"og:locale\" content=\"es_ES\" \/>\n<meta property=\"og:type\" content=\"article\" \/>\n<meta property=\"og:title\" content=\"Productos Solarzone \u00ae | Eficiencia Energ\u00e9tica\" \/>\n<meta property=\"og:description\" content=\"[vc_row type=\u00bbfull_width_background\u00bb full_screen_row_position=\u00bbmiddle\u00bb equal_height=\u00bbyes\u00bb content_placement=\u00bbmiddle\u00bb column_margin=\u00bbdefault\u00bb scene_position=\u00bbcenter\u00bb text_color=\u00bbdark\u00bb text_align=\u00bbleft\u00bb top_padding=\u00bb6%\u00bb bottom_padding=\u00bb6%\u00bb enable_gradient=\u00bbtrue\u00bb color_overlay=\u00bb#eaf1fd\u00bb gradient_direction=\u00bbtop_to_bottom\u00bb overlay_strength=\u00bb1&#8243; shape_divider_color=\u00bb#f4f4f4&#8243; shape_divider_position=\u00bbbottom\u00bb shape_divider_height=\u00bb40%\u00bb bg_image_animation=\u00bbnone\u00bb shape_type=\u00bbcurve_opacity\u00bb][vc_column column_padding=\u00bbno-extra-padding\u00bb column_padding_position=\u00bbright\u00bb background_color_opacity=\u00bb1&#8243; background_hover_color_opacity=\u00bb1&#8243; column_link_target=\u00bb_self\u00bb column_shadow=\u00bbnone\u00bb column_border_radius=\u00bbnone\u00bb width=\u00bb1\/1&#8243; tablet_width_inherit=\u00bbdefault\u00bb tablet_text_alignment=\u00bbdefault\u00bb...\" \/>\n<meta property=\"og:url\" content=\"https:\/\/thyssenkrupp-plastic.es\/solarzone\/productos\/\" \/>\n<meta property=\"og:site_name\" content=\"SolarZone \u00ae\" \/>\n<meta property=\"article:modified_time\" content=\"2025-07-04T11:43:06+00:00\" \/>\n<meta name=\"twitter:card\" content=\"summary_large_image\" \/>\n<meta name=\"twitter:label1\" content=\"Tiempo de lectura\" \/>\n\t<meta name=\"twitter:data1\" content=\"2 minutos\" \/>\n<script type=\"application\/ld+json\" class=\"yoast-schema-graph\">{\"@context\":\"https:\/\/schema.org\",\"@graph\":[{\"@type\":\"WebPage\",\"@id\":\"https:\/\/thyssenkrupp-plastic.es\/solarzone\/productos\/\",\"url\":\"https:\/\/thyssenkrupp-plastic.es\/solarzone\/productos\/\",\"name\":\"Productos Solarzone \u00ae | Eficiencia Energ\u00e9tica\",\"isPartOf\":{\"@id\":\"https:\/\/thyssenkrupp-plastic.es\/solarzone\/#website\"},\"datePublished\":\"2019-11-25T11:08:59+00:00\",\"dateModified\":\"2025-07-04T11:43:06+00:00\",\"breadcrumb\":{\"@id\":\"https:\/\/thyssenkrupp-plastic.es\/solarzone\/productos\/#breadcrumb\"},\"inLanguage\":\"es\",\"potentialAction\":[{\"@type\":\"ReadAction\",\"target\":[\"https:\/\/thyssenkrupp-plastic.es\/solarzone\/productos\/\"]}]},{\"@type\":\"BreadcrumbList\",\"@id\":\"https:\/\/thyssenkrupp-plastic.es\/solarzone\/productos\/#breadcrumb\",\"itemListElement\":[{\"@type\":\"ListItem\",\"position\":1,\"name\":\"Portada\",\"item\":\"https:\/\/thyssenkrupp-plastic.es\/solarzone\/\"},{\"@type\":\"ListItem\",\"position\":2,\"name\":\"productos\"}]},{\"@type\":\"WebSite\",\"@id\":\"https:\/\/thyssenkrupp-plastic.es\/solarzone\/#website\",\"url\":\"https:\/\/thyssenkrupp-plastic.es\/solarzone\/\",\"name\":\"SolarZone \u00ae\",\"description\":\"\",\"publisher\":{\"@id\":\"https:\/\/thyssenkrupp-plastic.es\/solarzone\/#organization\"},\"potentialAction\":[{\"@type\":\"SearchAction\",\"target\":{\"@type\":\"EntryPoint\",\"urlTemplate\":\"https:\/\/thyssenkrupp-plastic.es\/solarzone\/?s={search_term_string}\"},\"query-input\":{\"@type\":\"PropertyValueSpecification\",\"valueRequired\":true,\"valueName\":\"search_term_string\"}}],\"inLanguage\":\"es\"},{\"@type\":\"Organization\",\"@id\":\"https:\/\/thyssenkrupp-plastic.es\/solarzone\/#organization\",\"name\":\"SolarZone \u00ae L\u00e1minas Solares\",\"url\":\"https:\/\/thyssenkrupp-plastic.es\/solarzone\/\",\"logo\":{\"@type\":\"ImageObject\",\"inLanguage\":\"es\",\"@id\":\"https:\/\/thyssenkrupp-plastic.es\/solarzone\/#\/schema\/logo\/image\/\",\"url\":\"https:\/\/thyssenkrupp-plastic.es\/solarzone\/wp-content\/uploads\/2019\/11\/logo_solarzone.jpg\",\"contentUrl\":\"https:\/\/thyssenkrupp-plastic.es\/solarzone\/wp-content\/uploads\/2019\/11\/logo_solarzone.jpg\",\"width\":245,\"height\":98,\"caption\":\"SolarZone \u00ae L\u00e1minas Solares\"},\"image\":{\"@id\":\"https:\/\/thyssenkrupp-plastic.es\/solarzone\/#\/schema\/logo\/image\/\"}}]}<\/script>\n<!-- \/ Yoast SEO plugin. -->","yoast_head_json":{"title":"Productos Solarzone \u00ae | Eficiencia Energ\u00e9tica","robots":{"index":"index","follow":"follow","max-snippet":"max-snippet:-1","max-image-preview":"max-image-preview:large","max-video-preview":"max-video-preview:-1"},"canonical":"https:\/\/thyssenkrupp-plastic.es\/solarzone\/productos\/","og_locale":"es_ES","og_type":"article","og_title":"Productos Solarzone \u00ae | Eficiencia Energ\u00e9tica","og_description":"[vc_row type=\u00bbfull_width_background\u00bb full_screen_row_position=\u00bbmiddle\u00bb equal_height=\u00bbyes\u00bb content_placement=\u00bbmiddle\u00bb column_margin=\u00bbdefault\u00bb scene_position=\u00bbcenter\u00bb text_color=\u00bbdark\u00bb text_align=\u00bbleft\u00bb top_padding=\u00bb6%\u00bb bottom_padding=\u00bb6%\u00bb enable_gradient=\u00bbtrue\u00bb color_overlay=\u00bb#eaf1fd\u00bb gradient_direction=\u00bbtop_to_bottom\u00bb overlay_strength=\u00bb1&#8243; shape_divider_color=\u00bb#f4f4f4&#8243; shape_divider_position=\u00bbbottom\u00bb shape_divider_height=\u00bb40%\u00bb bg_image_animation=\u00bbnone\u00bb shape_type=\u00bbcurve_opacity\u00bb][vc_column column_padding=\u00bbno-extra-padding\u00bb column_padding_position=\u00bbright\u00bb background_color_opacity=\u00bb1&#8243; background_hover_color_opacity=\u00bb1&#8243; column_link_target=\u00bb_self\u00bb column_shadow=\u00bbnone\u00bb column_border_radius=\u00bbnone\u00bb width=\u00bb1\/1&#8243; tablet_width_inherit=\u00bbdefault\u00bb tablet_text_alignment=\u00bbdefault\u00bb...","og_url":"https:\/\/thyssenkrupp-plastic.es\/solarzone\/productos\/","og_site_name":"SolarZone \u00ae","article_modified_time":"2025-07-04T11:43:06+00:00","twitter_card":"summary_large_image","twitter_misc":{"Tiempo de lectura":"2 minutos"},"schema":{"@context":"https:\/\/schema.org","@graph":[{"@type":"WebPage","@id":"https:\/\/thyssenkrupp-plastic.es\/solarzone\/productos\/","url":"https:\/\/thyssenkrupp-plastic.es\/solarzone\/productos\/","name":"Productos Solarzone \u00ae | Eficiencia Energ\u00e9tica","isPartOf":{"@id":"https:\/\/thyssenkrupp-plastic.es\/solarzone\/#website"},"datePublished":"2019-11-25T11:08:59+00:00","dateModified":"2025-07-04T11:43:06+00:00","breadcrumb":{"@id":"https:\/\/thyssenkrupp-plastic.es\/solarzone\/productos\/#breadcrumb"},"inLanguage":"es","potentialAction":[{"@type":"ReadAction","target":["https:\/\/thyssenkrupp-plastic.es\/solarzone\/productos\/"]}]},{"@type":"BreadcrumbList","@id":"https:\/\/thyssenkrupp-plastic.es\/solarzone\/productos\/#breadcrumb","itemListElement":[{"@type":"ListItem","position":1,"name":"Portada","item":"https:\/\/thyssenkrupp-plastic.es\/solarzone\/"},{"@type":"ListItem","position":2,"name":"productos"}]},{"@type":"WebSite","@id":"https:\/\/thyssenkrupp-plastic.es\/solarzone\/#website","url":"https:\/\/thyssenkrupp-plastic.es\/solarzone\/","name":"SolarZone \u00ae","description":"","publisher":{"@id":"https:\/\/thyssenkrupp-plastic.es\/solarzone\/#organization"},"potentialAction":[{"@type":"SearchAction","target":{"@type":"EntryPoint","urlTemplate":"https:\/\/thyssenkrupp-plastic.es\/solarzone\/?s={search_term_string}"},"query-input":{"@type":"PropertyValueSpecification","valueRequired":true,"valueName":"search_term_string"}}],"inLanguage":"es"},{"@type":"Organization","@id":"https:\/\/thyssenkrupp-plastic.es\/solarzone\/#organization","name":"SolarZone \u00ae L\u00e1minas Solares","url":"https:\/\/thyssenkrupp-plastic.es\/solarzone\/","logo":{"@type":"ImageObject","inLanguage":"es","@id":"https:\/\/thyssenkrupp-plastic.es\/solarzone\/#\/schema\/logo\/image\/","url":"https:\/\/thyssenkrupp-plastic.es\/solarzone\/wp-content\/uploads\/2019\/11\/logo_solarzone.jpg","contentUrl":"https:\/\/thyssenkrupp-plastic.es\/solarzone\/wp-content\/uploads\/2019\/11\/logo_solarzone.jpg","width":245,"height":98,"caption":"SolarZone \u00ae L\u00e1minas Solares"},"image":{"@id":"https:\/\/thyssenkrupp-plastic.es\/solarzone\/#\/schema\/logo\/image\/"}}]}},"_links":{"self":[{"href":"https:\/\/thyssenkrupp-plastic.es\/solarzone\/wp-json\/wp\/v2\/pages\/50","targetHints":{"allow":["GET"]}}],"collection":[{"href":"https:\/\/thyssenkrupp-plastic.es\/solarzone\/wp-json\/wp\/v2\/pages"}],"about":[{"href":"https:\/\/thyssenkrupp-plastic.es\/solarzone\/wp-json\/wp\/v2\/types\/page"}],"author":[{"embeddable":true,"href":"https:\/\/thyssenkrupp-plastic.es\/solarzone\/wp-json\/wp\/v2\/users\/1"}],"replies":[{"embeddable":true,"href":"https:\/\/thyssenkrupp-plastic.es\/solarzone\/wp-json\/wp\/v2\/comments?post=50"}],"version-history":[{"count":20,"href":"https:\/\/thyssenkrupp-plastic.es\/solarzone\/wp-json\/wp\/v2\/pages\/50\/revisions"}],"predecessor-version":[{"id":567,"href":"https:\/\/thyssenkrupp-plastic.es\/solarzone\/wp-json\/wp\/v2\/pages\/50\/revisions\/567"}],"wp:attachment":[{"href":"https:\/\/thyssenkrupp-plastic.es\/solarzone\/wp-json\/wp\/v2\/media?parent=50"}],"curies":[{"name":"wp","href":"https:\/\/api.w.org\/{rel}","templated":true}]}}