{"id":331,"date":"2021-01-27T08:15:50","date_gmt":"2021-01-27T08:15:50","guid":{"rendered":"https:\/\/thyssenkrupp-plastic.es\/solarzone\/?page_id=331"},"modified":"2021-01-27T08:43:43","modified_gmt":"2021-01-27T08:43:43","slug":"quienes-somos","status":"publish","type":"page","link":"https:\/\/thyssenkrupp-plastic.es\/solarzone\/quienes-somos\/","title":{"rendered":"SolarZone, l\u00e1minas solares innovadoras para el ahorro energ\u00e9tico"},"content":{"rendered":"\n<div style=\"height:30px\" aria-hidden=\"true\" class=\"wp-block-spacer\"><\/div>\n\n\n\n<h4 class=\"wp-block-heading\">SolarZone es una marca registrada de Thyssenkrupp Plastic Ib\u00e9rica creada en 1998. Nuestros productos tienen el objetivo de aportar un cambio en la calidad de vida de las personas a trav\u00e9s de l\u00e1minas solares para ventanas que ayudan a ahorrar energ\u00eda, generando mayor confort y proporcionando seguridad.\u00a0<\/h4>\n\n\n\n<div style=\"height:30px\" aria-hidden=\"true\" class=\"wp-block-spacer\"><\/div>\n\n\n\n<h2 class=\"wp-block-heading\">Thyssenkrupp Plastic Ib\u00e9rica, la fuerza de un grupo de referencia mundial con expertos locales<\/h2>\n\n\n\n<p><a href=\"https:\/\/www.thyssenkrupp.com\/\" target=\"_blank\" rel=\"noreferrer noopener\"><strong>Thyssenkrupp<\/strong><\/a> <strong>es un grupo internacional de alta reputaci\u00f3n<\/strong> que emplea m\u00e1s de 104,000 personas en 60 pa\u00edses. Ofrece una gran diversidad de productos, servicios y define su posicionamiento con tres palabras: <em>engineering, tomorrow, together<\/em>.<\/p>\n\n\n\n<p><a href=\"https:\/\/www.thyssenkrupp-plastics.es\/\" target=\"_blank\" rel=\"noreferrer noopener\"><strong>Thyssenkrupp Plastic Ib\u00e9rica<\/strong><\/a><strong> se dedica a comercializar productos innovadores<\/strong>, en particular para los sectores de la industria y la construcci\u00f3n, y <strong>que son referencias del mercado como lo es SolarZone para las l\u00e1minas solares y de seguridad<\/strong>.<\/p>\n\n\n\n<p>La empresa est\u00e1 <strong>basada en Massalfassar (Valencia) y tiene varias delegaciones locales en Espa\u00f1a<\/strong> (Madrid, Barcelona, La Coru\u00f1a, Sevilla, Zaragoza, Bilbao, Alicante y Tenerife) <strong>y en Portugal<\/strong>.<\/p>\n\n\n\n<h2 class=\"wp-block-heading\">Distribuidor exclusivo de las l\u00e1minas de control solar Hanita Coatings<\/h2>\n\n\n\n<p>SolarZone es <strong>una marca registrada de <\/strong><a href=\"https:\/\/thyssenkrupp-plastic.es\/solarzone\/productos\/\" target=\"_blank\" rel=\"noreferrer noopener\"><strong>l\u00e1minas solares y de seguridad<\/strong><\/a><strong> que Thyssenkrupp Plastic Ib\u00e9rica distribuye de manera exclusiva<\/strong> en Espa\u00f1a y Portugal desde el a\u00f1o 1998.<\/p>\n\n\n\n<p>El fabricante de nuestras l\u00e1minas, <a href=\"http:\/\/hanitacoatings.com\" target=\"_blank\" rel=\"noreferrer noopener\"><strong>Hanita Coatings<\/strong><\/a>, est\u00e1 ubicado en Kibbutz Hanita, Israel. Lleva m\u00e1s de 30 a\u00f1os en el <strong>desarrollo y fabricaci\u00f3n de l\u00e1minas de poli\u00e9ster de alta calidad<\/strong>.&nbsp;<\/p>\n\n\n\n<p>Actualmente, Hanita Coatings es <strong>el principal l\u00edder de mercado en soluciones de eficiencia energ\u00e9tica y l\u00e1minas de aislamiento solar<\/strong>, desarrollador de materiales fotovoltaicos b\u00e1sicos y <strong>protagonista clave en el mercado de las l\u00e1minas de control solar para ventanas<\/strong>. Hanita Coatings fabrica tambi\u00e9n l\u00e1minas de seguridad y protecci\u00f3n para vidrios, que aportan mayor valor a las mejoras energ\u00e9ticas de los edificios.<\/p>\n\n\n\n<h2 class=\"wp-block-heading\">Nuestros valores: un soporte t\u00e9cnico de calidad para mejorar la eficiencia energ\u00e9tica<\/h2>\n\n\n\n<p>El equipo humano de SolarZone ofrece <strong>soporte t\u00e9cnico, as\u00ed como consejos sobre eficiencia energ\u00e9tica, previsiones de ahorro y modelado global de edificios.<\/strong> Combinamos a diversos profesionales de distintas ramas y nivel de experiencia para <strong>garantizar servicios y productos irrepetibles<\/strong>.<\/p>\n\n\n\n<p><strong>Las <\/strong><a href=\"https:\/\/thyssenkrupp-plastic.es\/solarzone\/lamina-de-control-solar\/\" target=\"_blank\" rel=\"noreferrer noopener\"><strong>l\u00e1minas solares SolarZone<\/strong><\/a><strong> ayudan a solventar los problemas provocados por el sol <\/strong>en los edificios comerciales, residenciales y de uso particular tales como disconfort, elevadas temperaturas, excesos de consumo energ\u00e9tico, decoloraci\u00f3n, etc.<\/p>\n\n\n\n<p><strong>Las <\/strong><a href=\"https:\/\/thyssenkrupp-plastic.es\/solarzone\/productos\/lamina-proteccion-seguridad\/\" target=\"_blank\" rel=\"noreferrer noopener\"><strong>l\u00e1minas de seguridad SafetyZone<\/strong><\/a><strong> protegen a las personas frente a roturas de vidrio<\/strong> en caso de impacto, actos vand\u00e1licos y desastres naturales. Son una forma econ\u00f3mica y eficaz de mejorar el acristalamiento existente para cumplir con las normas de seguridad de las instalaciones. Adem\u00e1s, <strong>aumentan la seguridad frente a robos y ofrecen una protecci\u00f3n excepcional contra los actos vand\u00e1licos<\/strong> en vidrios tales como rayadas, grafitis o \u00e1cidos.&nbsp;<\/p>\n\n\n\n<p class=\"has-text-align-center\"><strong><em>Obtenga m\u00e1s informaci\u00f3n sobre posibles ayudas p\u00fablicas, calificaciones energ\u00e9ticas para edificios ecol\u00f3gicos y regulaciones de sostenibilidad para su zona.<\/em><\/strong><\/p>\n\n\n\n<div class=\"wp-block-buttons aligncenter is-layout-flex wp-block-buttons-is-layout-flex\">\n<div class=\"wp-block-button\"><a class=\"wp-block-button__link has-white-color has-text-color has-background\" href=\"https:\/\/thyssenkrupp-plastic.es\/solarzone\/contacto\/\" style=\"background-color:#66a7bc\">Cont\u00e1ctenos<\/a><\/div>\n<\/div>\n","protected":false},"excerpt":{"rendered":"<p>SolarZone es una marca registrada de Thyssenkrupp Plastic Ib\u00e9rica creada en 1998. Nuestros productos tienen el objetivo de aportar un cambio en la calidad de vida de las personas a&#8230;<\/p>\n","protected":false},"author":1,"featured_media":0,"parent":0,"menu_order":0,"comment_status":"closed","ping_status":"closed","template":"","meta":{"footnotes":""},"class_list":["post-331","page","type-page","status-publish"],"yoast_head":"<!-- This site is optimized with the Yoast SEO plugin v25.9 - https:\/\/yoast.com\/wordpress\/plugins\/seo\/ -->\n<title>SolarZone, l\u00e1minas solares innovadoras para el ahorro energ\u00e9tico - SolarZone \u00ae<\/title>\n<meta name=\"description\" content=\"SolarZone es una marca registrada de Thyssenkrupp Plastic Ib\u00e9rica creada en 1998. Nuestros productos tienen el objetivo de aportar un cambio en la calidad de vida de las personas a trav\u00e9s de l\u00e1minas solares para ventanas que permiten ahorrar energ\u00eda, estar m\u00e1s c\u00f3modo y seguro.\" \/>\n<meta name=\"robots\" content=\"index, follow, max-snippet:-1, max-image-preview:large, max-video-preview:-1\" \/>\n<link rel=\"canonical\" href=\"https:\/\/thyssenkrupp-plastic.es\/solarzone\/quienes-somos\/\" \/>\n<meta property=\"og:locale\" content=\"es_ES\" \/>\n<meta property=\"og:type\" content=\"article\" \/>\n<meta property=\"og:title\" content=\"SolarZone, l\u00e1minas solares innovadoras para el ahorro energ\u00e9tico - SolarZone \u00ae\" \/>\n<meta property=\"og:description\" content=\"SolarZone es una marca registrada de Thyssenkrupp Plastic Ib\u00e9rica creada en 1998. Nuestros productos tienen el objetivo de aportar un cambio en la calidad de vida de las personas a trav\u00e9s de l\u00e1minas solares para ventanas que permiten ahorrar energ\u00eda, estar m\u00e1s c\u00f3modo y seguro.\" \/>\n<meta property=\"og:url\" content=\"https:\/\/thyssenkrupp-plastic.es\/solarzone\/quienes-somos\/\" \/>\n<meta property=\"og:site_name\" content=\"SolarZone \u00ae\" \/>\n<meta property=\"article:modified_time\" content=\"2021-01-27T08:43:43+00:00\" \/>\n<meta name=\"twitter:card\" content=\"summary_large_image\" \/>\n<meta name=\"twitter:label1\" content=\"Tiempo de lectura\" \/>\n\t<meta name=\"twitter:data1\" content=\"3 minutos\" \/>\n<script type=\"application\/ld+json\" class=\"yoast-schema-graph\">{\"@context\":\"https:\/\/schema.org\",\"@graph\":[{\"@type\":\"WebPage\",\"@id\":\"https:\/\/thyssenkrupp-plastic.es\/solarzone\/quienes-somos\/\",\"url\":\"https:\/\/thyssenkrupp-plastic.es\/solarzone\/quienes-somos\/\",\"name\":\"SolarZone, l\u00e1minas solares innovadoras para el ahorro energ\u00e9tico - SolarZone \u00ae\",\"isPartOf\":{\"@id\":\"https:\/\/thyssenkrupp-plastic.es\/solarzone\/#website\"},\"datePublished\":\"2021-01-27T08:15:50+00:00\",\"dateModified\":\"2021-01-27T08:43:43+00:00\",\"description\":\"SolarZone es una marca registrada de Thyssenkrupp Plastic Ib\u00e9rica creada en 1998. Nuestros productos tienen el objetivo de aportar un cambio en la calidad de vida de las personas a trav\u00e9s de l\u00e1minas solares para ventanas que permiten ahorrar energ\u00eda, estar m\u00e1s c\u00f3modo y seguro.\",\"breadcrumb\":{\"@id\":\"https:\/\/thyssenkrupp-plastic.es\/solarzone\/quienes-somos\/#breadcrumb\"},\"inLanguage\":\"es\",\"potentialAction\":[{\"@type\":\"ReadAction\",\"target\":[\"https:\/\/thyssenkrupp-plastic.es\/solarzone\/quienes-somos\/\"]}]},{\"@type\":\"BreadcrumbList\",\"@id\":\"https:\/\/thyssenkrupp-plastic.es\/solarzone\/quienes-somos\/#breadcrumb\",\"itemListElement\":[{\"@type\":\"ListItem\",\"position\":1,\"name\":\"Portada\",\"item\":\"https:\/\/thyssenkrupp-plastic.es\/solarzone\/\"},{\"@type\":\"ListItem\",\"position\":2,\"name\":\"SolarZone, l\u00e1minas solares innovadoras para el ahorro energ\u00e9tico\"}]},{\"@type\":\"WebSite\",\"@id\":\"https:\/\/thyssenkrupp-plastic.es\/solarzone\/#website\",\"url\":\"https:\/\/thyssenkrupp-plastic.es\/solarzone\/\",\"name\":\"SolarZone \u00ae\",\"description\":\"\",\"publisher\":{\"@id\":\"https:\/\/thyssenkrupp-plastic.es\/solarzone\/#organization\"},\"potentialAction\":[{\"@type\":\"SearchAction\",\"target\":{\"@type\":\"EntryPoint\",\"urlTemplate\":\"https:\/\/thyssenkrupp-plastic.es\/solarzone\/?s={search_term_string}\"},\"query-input\":{\"@type\":\"PropertyValueSpecification\",\"valueRequired\":true,\"valueName\":\"search_term_string\"}}],\"inLanguage\":\"es\"},{\"@type\":\"Organization\",\"@id\":\"https:\/\/thyssenkrupp-plastic.es\/solarzone\/#organization\",\"name\":\"SolarZone \u00ae L\u00e1minas Solares\",\"url\":\"https:\/\/thyssenkrupp-plastic.es\/solarzone\/\",\"logo\":{\"@type\":\"ImageObject\",\"inLanguage\":\"es\",\"@id\":\"https:\/\/thyssenkrupp-plastic.es\/solarzone\/#\/schema\/logo\/image\/\",\"url\":\"https:\/\/thyssenkrupp-plastic.es\/solarzone\/wp-content\/uploads\/2019\/11\/logo_solarzone.jpg\",\"contentUrl\":\"https:\/\/thyssenkrupp-plastic.es\/solarzone\/wp-content\/uploads\/2019\/11\/logo_solarzone.jpg\",\"width\":245,\"height\":98,\"caption\":\"SolarZone \u00ae L\u00e1minas Solares\"},\"image\":{\"@id\":\"https:\/\/thyssenkrupp-plastic.es\/solarzone\/#\/schema\/logo\/image\/\"}}]}<\/script>\n<!-- \/ Yoast SEO plugin. -->","yoast_head_json":{"title":"SolarZone, l\u00e1minas solares innovadoras para el ahorro energ\u00e9tico - SolarZone \u00ae","description":"SolarZone es una marca registrada de Thyssenkrupp Plastic Ib\u00e9rica creada en 1998. Nuestros productos tienen el objetivo de aportar un cambio en la calidad de vida de las personas a trav\u00e9s de l\u00e1minas solares para ventanas que permiten ahorrar energ\u00eda, estar m\u00e1s c\u00f3modo y seguro.","robots":{"index":"index","follow":"follow","max-snippet":"max-snippet:-1","max-image-preview":"max-image-preview:large","max-video-preview":"max-video-preview:-1"},"canonical":"https:\/\/thyssenkrupp-plastic.es\/solarzone\/quienes-somos\/","og_locale":"es_ES","og_type":"article","og_title":"SolarZone, l\u00e1minas solares innovadoras para el ahorro energ\u00e9tico - SolarZone \u00ae","og_description":"SolarZone es una marca registrada de Thyssenkrupp Plastic Ib\u00e9rica creada en 1998. Nuestros productos tienen el objetivo de aportar un cambio en la calidad de vida de las personas a trav\u00e9s de l\u00e1minas solares para ventanas que permiten ahorrar energ\u00eda, estar m\u00e1s c\u00f3modo y seguro.","og_url":"https:\/\/thyssenkrupp-plastic.es\/solarzone\/quienes-somos\/","og_site_name":"SolarZone \u00ae","article_modified_time":"2021-01-27T08:43:43+00:00","twitter_card":"summary_large_image","twitter_misc":{"Tiempo de lectura":"3 minutos"},"schema":{"@context":"https:\/\/schema.org","@graph":[{"@type":"WebPage","@id":"https:\/\/thyssenkrupp-plastic.es\/solarzone\/quienes-somos\/","url":"https:\/\/thyssenkrupp-plastic.es\/solarzone\/quienes-somos\/","name":"SolarZone, l\u00e1minas solares innovadoras para el ahorro energ\u00e9tico - SolarZone \u00ae","isPartOf":{"@id":"https:\/\/thyssenkrupp-plastic.es\/solarzone\/#website"},"datePublished":"2021-01-27T08:15:50+00:00","dateModified":"2021-01-27T08:43:43+00:00","description":"SolarZone es una marca registrada de Thyssenkrupp Plastic Ib\u00e9rica creada en 1998. Nuestros productos tienen el objetivo de aportar un cambio en la calidad de vida de las personas a trav\u00e9s de l\u00e1minas solares para ventanas que permiten ahorrar energ\u00eda, estar m\u00e1s c\u00f3modo y seguro.","breadcrumb":{"@id":"https:\/\/thyssenkrupp-plastic.es\/solarzone\/quienes-somos\/#breadcrumb"},"inLanguage":"es","potentialAction":[{"@type":"ReadAction","target":["https:\/\/thyssenkrupp-plastic.es\/solarzone\/quienes-somos\/"]}]},{"@type":"BreadcrumbList","@id":"https:\/\/thyssenkrupp-plastic.es\/solarzone\/quienes-somos\/#breadcrumb","itemListElement":[{"@type":"ListItem","position":1,"name":"Portada","item":"https:\/\/thyssenkrupp-plastic.es\/solarzone\/"},{"@type":"ListItem","position":2,"name":"SolarZone, l\u00e1minas solares innovadoras para el ahorro energ\u00e9tico"}]},{"@type":"WebSite","@id":"https:\/\/thyssenkrupp-plastic.es\/solarzone\/#website","url":"https:\/\/thyssenkrupp-plastic.es\/solarzone\/","name":"SolarZone \u00ae","description":"","publisher":{"@id":"https:\/\/thyssenkrupp-plastic.es\/solarzone\/#organization"},"potentialAction":[{"@type":"SearchAction","target":{"@type":"EntryPoint","urlTemplate":"https:\/\/thyssenkrupp-plastic.es\/solarzone\/?s={search_term_string}"},"query-input":{"@type":"PropertyValueSpecification","valueRequired":true,"valueName":"search_term_string"}}],"inLanguage":"es"},{"@type":"Organization","@id":"https:\/\/thyssenkrupp-plastic.es\/solarzone\/#organization","name":"SolarZone \u00ae L\u00e1minas Solares","url":"https:\/\/thyssenkrupp-plastic.es\/solarzone\/","logo":{"@type":"ImageObject","inLanguage":"es","@id":"https:\/\/thyssenkrupp-plastic.es\/solarzone\/#\/schema\/logo\/image\/","url":"https:\/\/thyssenkrupp-plastic.es\/solarzone\/wp-content\/uploads\/2019\/11\/logo_solarzone.jpg","contentUrl":"https:\/\/thyssenkrupp-plastic.es\/solarzone\/wp-content\/uploads\/2019\/11\/logo_solarzone.jpg","width":245,"height":98,"caption":"SolarZone \u00ae L\u00e1minas Solares"},"image":{"@id":"https:\/\/thyssenkrupp-plastic.es\/solarzone\/#\/schema\/logo\/image\/"}}]}},"_links":{"self":[{"href":"https:\/\/thyssenkrupp-plastic.es\/solarzone\/wp-json\/wp\/v2\/pages\/331","targetHints":{"allow":["GET"]}}],"collection":[{"href":"https:\/\/thyssenkrupp-plastic.es\/solarzone\/wp-json\/wp\/v2\/pages"}],"about":[{"href":"https:\/\/thyssenkrupp-plastic.es\/solarzone\/wp-json\/wp\/v2\/types\/page"}],"author":[{"embeddable":true,"href":"https:\/\/thyssenkrupp-plastic.es\/solarzone\/wp-json\/wp\/v2\/users\/1"}],"replies":[{"embeddable":true,"href":"https:\/\/thyssenkrupp-plastic.es\/solarzone\/wp-json\/wp\/v2\/comments?post=331"}],"version-history":[{"count":4,"href":"https:\/\/thyssenkrupp-plastic.es\/solarzone\/wp-json\/wp\/v2\/pages\/331\/revisions"}],"predecessor-version":[{"id":337,"href":"https:\/\/thyssenkrupp-plastic.es\/solarzone\/wp-json\/wp\/v2\/pages\/331\/revisions\/337"}],"wp:attachment":[{"href":"https:\/\/thyssenkrupp-plastic.es\/solarzone\/wp-json\/wp\/v2\/media?parent=331"}],"curies":[{"name":"wp","href":"https:\/\/api.w.org\/{rel}","templated":true}]}}