{"id":3,"date":"2019-11-05T08:51:59","date_gmt":"2019-11-05T08:51:59","guid":{"rendered":"https:\/\/thyssenkrupp-plastic.es\/solarzone\/?page_id=3"},"modified":"2020-06-05T10:43:16","modified_gmt":"2020-06-05T10:43:16","slug":"aviso-legal","status":"publish","type":"page","link":"https:\/\/thyssenkrupp-plastic.es\/solarzone\/aviso-legal\/","title":{"rendered":"Aviso Legal"},"content":{"rendered":"<div id=\"ucp5440088\" class=\"standard-text rich-text ng-star-inserted\">\n<h2>Protecci\u00f3n de datos<\/h2>\n<p>thyssenkrupp Materials Ib\u00e9rica S.A. ofrece el contenido del sitio web para que thyssenkrupp Plastic Ib\u00e9rica S.L.U. pueda leer informaci\u00f3n sobre la gama de productos de thyssenkrupp Plastic Ib\u00e9rica S.L.U. , nuestra empresa. La manipulaci\u00f3n de datos personales de los visitantes del sitio sigue los estrictos requisitos de thyssenkrupp Plastic Ib\u00e9rica S.L.U. y el Reglamento General de Protecci\u00f3n de Datos (RGPD).<\/p>\n<p>Nos tomamos muy en serio la protecci\u00f3n de su privacidad al usar nuestro sitio web, ya que es algo muy importante para nosotros. A continuaci\u00f3n, le ofrecemos informaci\u00f3n sobre la recopilaci\u00f3n de datos personales.<\/p>\n<h3>Recopilaci\u00f3n y procesamiento de datos personales<\/h3>\n<p>En general, puede visitar el sitio web de thyssenkrupp Plastic Ib\u00e9rica S.L.U. de forma an\u00f3nima, es decir, sin tener que decir qui\u00e9n es. Cuando visita nuestro sitio web, nuestros servidores web en Alemania guardan por norma la direcci\u00f3n IP del proveedor de servicios de Internet a trav\u00e9s del cual usted accede a nuestro sitio web, el sitio desde el que accede a nuestro sitio web y los archivos a los que accede, as\u00ed como la fecha de la visita e informaci\u00f3n general sobre su navegador. Estos datos se procesan para garantizar la seguridad del servidor web y para adaptar al soporte del usuario (por ejemplo, tel\u00e9fono, ordenador port\u00e1til u otro dispositivo) la salida de la informaci\u00f3n que se recupera. Estos datos solo se analizan de forma anonimizada con fines estad\u00edsticos.<\/p>\n<p>Los datos personales se almacenan y procesan solo si nos proporciona esta informaci\u00f3n; por ejemplo, al rellenar un formulario de contacto o registrarse para recibir servicios personalizados. En el sitio web correspondiente se le informar\u00e1 sobre el uso previsto y, si es necesario, se le solicitar\u00e1 su consentimiento para el almacenamiento y procesamiento. La divulgaci\u00f3n solo tendr\u00e1 lugar dentro de las empresas de thyssenkrupp y los proveedores de servicios afiliados; por ejemplo, para enviarle la informaci\u00f3n escrita solicitada. Por supuesto, todos los proveedores de servicios se comprometen a mantener la confidencialidad y el car\u00e1cter secreto de los datos. No se realiza ninguna transferencia a terceros. Sus datos siempre se cifran antes de la transmisi\u00f3n y el procesamiento para protegerlos contra un acceso no autorizado.<\/p>\n<h3>Cookies<\/h3>\n<p>Las cookies son archivos de texto que se almacenan en su ordenador u otro dispositivo final. El uso de cookies nos ayuda a analizar su uso para mejorar los servicios y productos ofrecidos, aumentar la seguridad y prevenir el fraude. Hay varios tipos de cookies:<\/p>\n<ul class=\"bullets\">\n<li>Las cookies de sesi\u00f3n son archivos temporales que se eliminan autom\u00e1ticamente al cerrar el navegador.<\/li>\n<li>Las cookies persistentes son archivos que se almacenan hasta que se borran de forma intencionada o se eliminan autom\u00e1ticamente despu\u00e9s de un cierto tiempo.<\/li>\n<li>Las cookies originales son cookies que configuramos nosotros directamente.<\/li>\n<li>Las cookies de terceros son cookies configuradas por un tercero.<\/li>\n<li>Las cookies se pueden usar para diferentes prop\u00f3sitos.<\/li>\n<li>Las cookies funcionales se utilizan para proporcionar servicios est\u00e1ndar en nuestras p\u00e1ginas. Sin las cookies, nuestro sitio web puede funcionar de forma limitada y posiblemente incorrecta.<\/li>\n<li>Las cookies de optimizaci\u00f3n nos permiten analizar el uso de nuestro sitio web. Si no ha dado su consentimiento para usar sus datos personales para este fin, el procesamiento ser\u00e1 an\u00f3nimo. El an\u00e1lisis nos ayuda a mejorar nuestros servicios y los productos y servicios que ofrecemos.<\/li>\n<li>Las cookies de personalizaci\u00f3n nos permiten determinar sus preferencias personales, como su idioma preferido. Utilizamos estas cookies para mejorar la facilidad de uso y ofrecer una experiencia personalizada.<\/li>\n<li>Las cookies de seguridad son cookies necesarias para proteger el sitio web contra ataques y evitar fraudes.<\/li>\n<\/ul>\n<h3>Google Analytics<\/h3>\n<p>thyssenkrupp Plastic Ib\u00e9rica S.L.U. utiliza Google Analytics, un servicio de an\u00e1lisis web proporcionado por Google Inc. (\u00abGoogle\u00bb). La empresa operadora del componente Google Analytics es Google Inc., 1600 Amphitheatre Pkwy, Mountain View, CA 94043-1351, EE. UU., para el dise\u00f1o orientado a las necesidades y la optimizaci\u00f3n continua de nuestro sitio web.<\/p>\n<p>El tratamiento de datos personales se lleva a cabo conforme al art. 6 (1) (f) GDPR. El inter\u00e9s leg\u00edtimo es la optimizaci\u00f3n de nuestras ofertas.<\/p>\n<p>Puede oponerse al uso de sus datos para este prop\u00f3sito en cualquier momento.<\/p>\n<p>Google Analytics usa las llamadas \u00abcookies\u00bb, archivos de texto almacenados en el ordenador que permiten un an\u00e1lisis del uso que hace el usuario del sitio web. La informaci\u00f3n recogida por la cookie sobre el uso del sitio web es:<\/p>\n<\/div>\n<div class=\"label rich-text ng-star-inserted\">\n<p>_gid<\/p>\n<\/div>\n<div class=\"content-wrapper\">\n<div class=\"content-pane editorial-components-container ng-star-inserted\">\n<div id=\"ucp5440089\" class=\"standard-text rich-text ng-star-inserted\">\n<ul class=\"bullets\">\n<li>Name: _gid<\/li>\n<li>Prop\u00f3sito: Registra una identificaci\u00f3n \u00fanica que se utiliza para generar datos estad\u00edsticos sobre c\u00f3mo el visitante utiliza el sitio web.<\/li>\n<li>Proveedor: thyssenkrupp-plastics.es<\/li>\n<li>Expiraci\u00f3n: 1 ses\u00edon<\/li>\n<li>Tipo: HTTP Cookie<\/li>\n<\/ul>\n<div class=\"label rich-text ng-star-inserted\">\n<p>cb_enabled<\/p>\n<\/div>\n<div class=\"content-wrapper\">\n<div class=\"content-pane editorial-components-container ng-star-inserted\">\n<div id=\"ucp5440089\" class=\"standard-text rich-text ng-star-inserted\">\n<ul class=\"bullets\">\n<li>Name: cb_enabled<\/li>\n<li>Prop\u00f3sito: Esta cookie est\u00e1 asociada con un script gratuito que muestra un aviso de alerta de cookie en un sitio web. Se utiliza para registrar cuando el usuario ha desestimado el aviso para evitar que vuelva a aparecer en las visitas de retorno.<\/li>\n<li>Proveedor: thyssenkrupp-plastics.es<\/li>\n<li>Expiraci\u00f3n: 1 a\u00f1o<\/li>\n<li>Tipo: HTTP Cookie<\/li>\n<\/ul>\n<div class=\"label rich-text ng-star-inserted\">\n<p>_dc_gtm_UA-54741984-1<\/p>\n<\/div>\n<div class=\"content-wrapper\">\n<div class=\"content-pane editorial-components-container ng-star-inserted\">\n<div id=\"ucp5440089\" class=\"standard-text rich-text ng-star-inserted\">\n<ul class=\"bullets\">\n<li>Nombre: _dc_gtm_UA-54741984-1<\/li>\n<li>Prop\u00f3sito: Se utiliza para acelerar la tasa de solicitud.<\/li>\n<li>Proveedor: thyssenkrupp-plastics.es<\/li>\n<li>Expiraci\u00f3n: 1 minutos<\/li>\n<li>Tipo: HTTP Cookie<\/li>\n<\/ul>\n<div class=\"label rich-text ng-star-inserted\">\n<p>_dc_gtm_UA-56057083-4<\/p>\n<\/div>\n<div class=\"content-wrapper\">\n<div class=\"content-pane editorial-components-container ng-star-inserted\">\n<div id=\"ucp5440089\" class=\"standard-text rich-text ng-star-inserted\">\n<ul class=\"bullets\">\n<li>Nombre: _dc_gtm_UA-56057083-4<\/li>\n<li>Prop\u00f3sito: Se utiliza para acelerar la tasa de solicitud.<\/li>\n<li>Proveedor: thyssenkrupp-materials.es<\/li>\n<li>Expiraci\u00f3n: 1 minutos<\/li>\n<li>Tipo: HTTP Cookie<\/li>\n<\/ul>\n<div id=\"ucp5440090\" class=\"standard-text rich-text ng-star-inserted\">\n<p>y se transfiere al servidor, donde se almacena. La informaci\u00f3n se usa para evaluar el uso del sitio web y compilar informes sobre las actividades en el sitio web.<\/p>\n<p>Usamos el sufijo _gat._anonymizeIp para el an\u00e1lisis web a trav\u00e9s de Google Analytics. Mediante este sufijo, Google reducir\u00e1 y anonimizar\u00e1 la direcci\u00f3n IP de su conexi\u00f3n a Internet si el acceso a nuestro sitio web se realiza desde un Estado miembro de la Uni\u00f3n Europea o desde otro Estado integrante del Acuerdo sobre el Espacio Econ\u00f3mico Europeo.<\/p>\n<p>Puede impedir que se instalen cookies mediante la configuraci\u00f3n del software del navegador. Sin embargo, debemos advertirle que, si lo hace, es posible que no pueda utilizar todas las funciones de este sitio web.<\/p>\n<p>La provisi\u00f3n de sus datos personales no se requiere ni contractual ni legalmente, ni tampoco para la ejecuci\u00f3n de un contrato. Este servicio es solo para personas mayores de 18 a\u00f1os.<\/p>\n<p>El usuario puede oponerse en cualquier momento a la creaci\u00f3n de perfiles de uso. Para hacerlo, debe descargar el complemento del navegador en el enlace https:\/\/tools.google.com\/dlpage\/gaoptout?hl=de e instalarlo. Este complemento del navegador informa a Google Analytics a trav\u00e9s de JavaScript que no se pueden transmitir a Google Analytics datos e informaci\u00f3n sobre visitas al sitio web. Google considera la instalaci\u00f3n del complemento del navegador una oposici\u00f3n a dicho tratamiento. Si el interesado elimina, da formato o vuelve a instalar el sistema de tecnolog\u00eda de la informaci\u00f3n con posterioridad, debe volver a instalar el complemento del navegador para deshabilitar Google Analytics. Si el usuario o por cualquier otra persona bajo su control desinstala o deshabilita el complemento del navegador, este se puede volver a instalar o volver a habilitar.<\/p>\n<p>Puede consultar informaci\u00f3n adicional y la pol\u00edtica de privacidad de Google vigente en https:\/\/policies.google.com\/privacy?hl=es&amp;gl=es y en https:\/\/www.google.com\/analytics\/terms\/es.html. Google Analytics se explica con m\u00e1s detalle en https:\/\/www.google.com\/intl\/de_de\/analytics\/.<\/p>\n<h3>Google Tag Manager<\/h3>\n<p>thyssenkrupp Plastic Ib\u00e9rica S.L.U. usa Google Tag Manager. Google Tag Manager no recoge datos personales. Google Tag Manager activa otras etiquetas que s\u00ed pueden recoger datos en determinadas circunstancias. Sin embargo, no tiene acceso a estos datos. Si se desactiva en el nivel de dominio o de cookies, la desactivaci\u00f3n tendr\u00e1 efecto para todas las etiquetas de seguimiento implementadas con Google Tag Manager. Puede consultar el Aviso de privacidad de Google sobre Google Tag Manager aqu\u00ed: https:\/\/www.google.com\/analytics\/tag-manager\/use-policy\/]\n<h3>Google ReCaptcha<\/h3>\n<p>thyssenkrupp Plastic Ib\u00e9rica S.L.U. utiliza \u00abGoogle reCAPTCHA\u00bb. El proveedor de esta funci\u00f3n es Google Inc., 1600 Amphitheatre Parkway, Mountain View, CA 94043, EE. UU. Google reCAPTCHA nos permite verificar si una entrada en nuestros sitios web (por ejemplo, mediante un formulario de contacto) ha sido efectuada por un humano o por un programa de ordenador.<\/p>\n<p>Google reCAPTCHA analiza para ello el comportamiento del visitante del sitio web a partir de varias caracter\u00edsticas. Este an\u00e1lisis comienza autom\u00e1ticamente tan pronto como el visitante accede al sitio web. Google reCAPTCHA eval\u00faa diversas informaciones (por ejemplo, la direcci\u00f3n IP, el tiempo que el visitante permanece en el sitio web o los movimientos del rat\u00f3n en el sitio web). Los an\u00e1lisis reCAPTCHA se realizan completamente en segundo plano. La base legal es el art. 6 (1) (f) RGPD. Nuestro inter\u00e9s leg\u00edtimo radica en reconocer si las caracter\u00edsticas de nuestro sitio web (como el uso de un formulario de contacto) est\u00e1n siendo utilizadas por un ser humano o una m\u00e1quina, y en protegernos contra el uso indebido o las intrusiones por programas inform\u00e1ticos y contra los correos electr\u00f3nicos no deseados.<\/p>\n<p>Los datos recogidos para el an\u00e1lisis se enviar\u00e1n a Google Inc. (base: Escudo de privacidad entre la UE y EE. UU.).<\/p>\n<p>Para obtener m\u00e1s informaci\u00f3n sobre Google reCAPTCHA y la pol\u00edtica de privacidad de Google Inc., consulte los siguientes enlaces:<\/p>\n<p><a class=\"external\" href=\"https:\/\/policies.google.com\/privacy?hl=es\" target=\"_blank\" rel=\"nofollow noopener noreferrer\">https:\/\/policies.google.com\/privacy?hl=es<\/a><\/p>\n<p><a class=\"external\" href=\"https:\/\/www.google.com\/recaptcha\/intro\/android.html\" target=\"_blank\" rel=\"nofollow noopener noreferrer\">https:\/\/www.google.com\/recaptcha\/intro\/android.html<\/a>.<\/p>\n<h3>Sus derechos relativos a la protecci\u00f3n de datos<\/h3>\n<p>Con respecto a nosotros, usted tiene derecho de acceso a sus datos personales, as\u00ed como el derecho de rectificaci\u00f3n, el derecho de supresi\u00f3n, el derecho de limitaci\u00f3n del tratamiento y el derecho a la portabilidad de los datos y, en el caso del tratamiento seg\u00fan los art. 6 (1) (e) y (f) RGPD, el derecho de oposici\u00f3n al tratamiento. En la medida en que nos haya dado su consentimiento para el tratamiento de sus datos personales de conformidad con el art. 6 (1) (a) RGPD o el art. 9 (2) (a) RGPD, puede retirarlo en cualquier momento sin que ello afecte la licitud del tratamiento basada en el consentimiento previo a su retirada. Tiene derecho a presentar una reclamaci\u00f3n ante una autoridad de control encargada de la protecci\u00f3n de datos.<\/p>\n<h3>La persona responsable de la recogida y el tratamiento de los datos personales es:<\/h3>\n<p>thyssenkrupp Plastic Ib\u00e9rica S.L.U.<\/p>\n<p>Pol\u00edgono Industrial L&#8217;Estaci\u00f3n<br \/>\nFrente estaci\u00f3n Renfe s\/n<br \/>\n46560 Massalfassar (Valencia)<\/p>\n<p>Tel\u00e9fono: +34 900 929 908<br \/>\nCorreo electr\u00f3nico: <a class=\"external\" href=\"mailto:info.tkpi@thyssenkrupp.com\" target=\"_blank\" rel=\"nofollow noopener noreferrer\">info.tkpi@thyssenkrupp.com<\/a><\/p>\n<p>Puede contactar con nuestro delegado de protecci\u00f3n de datos en:<\/p>\n<p>thyssenkrupp Plastic Ib\u00e9rica S.L.U.<br \/>\nPol\u00edgono Industrial L&#8217;Estaci\u00f3n<br \/>\nFrente estaci\u00f3n Renfe s\/n<br \/>\n46560 Massalfassar (Valencia)<br \/>\nCorreo electr\u00f3nico: <a class=\"external\" href=\"mailto:info.tkpi@thyssenkrupp.com\" target=\"_blank\" rel=\"nofollow noopener noreferrer\">info.tkpi@thyssenkrupp.com<\/a><\/p>\n<h3>\u00c1mbito y modificaciones de esta declaraci\u00f3n de privacidad<\/h3>\n<p>Esta declaraci\u00f3n de privacidad se aplicar\u00e1 exclusivamente al uso de los sitios web que ofrecemos. No se aplicar\u00e1 a los sitios web de otros proveedores de servicios a los que remitimos solo a trav\u00e9s de un enlace. No asumimos ninguna responsabilidad de declaraciones y directrices ajenas no relacionadas con nuestro sitio web.<\/p>\n<p>Nos reservamos el derecho a cambiar nuestra pol\u00edtica de privacidad cada cierto tiempo, de acuerdo con modificaciones futuras en la recogida y el tratamiento de los datos personales.<\/p>\n<\/div>\n<div id=\"ucp5440091\" class=\"standard-text rich-text ng-star-inserted\">\n<h2>Propiedad intelectual y derechos de uso<\/h2>\n<p>El contenido, incluidas las im\u00e1genes y el dise\u00f1o, del sitio web de thyssenkrupp Plastic Ib\u00e9rica S.L.U. est\u00e1 sujeto a la protecci\u00f3n de los derechos de autor y a otras leyes de protecci\u00f3n de la propiedad intelectual. Este sitio web no concede ninguna licencia que autorice el uso de la propiedad intelectual perteneciente a las empresas del Grupo thyssenkrupp . En particular, no se permite la duplicaci\u00f3n, distribuci\u00f3n, reproducci\u00f3n, transmisi\u00f3n, procesamiento, modificaci\u00f3n ni ning\u00fan otro uso del contenido de este sitio web con fines comerciales sin el permiso por escrito de thyssenkrupp Plastic Ib\u00e9rica S.L.U. .<\/p>\n<\/div>\n<div id=\"ucp5440092\" class=\"standard-text rich-text ng-star-inserted\">\n<h2>thyssenkrupp Materials Ib\u00e9rica S.A.<\/h2>\n<p>La informaci\u00f3n que thyssenkrupp Materials Ib\u00e9rica S.A. presenta en este sitio web se compila y actualiza peri\u00f3dicamente. A pesar de actuar con sumo cuidado, es imposible garantizar la ausencia absoluta de errores. No existe garant\u00eda alguna de comerciabilidad ni de idoneidad para un uso determinado ni ninguna otra garant\u00eda de ning\u00fan tipo, expl\u00edcita o impl\u00edcita, relativa a la informaci\u00f3n o a cualquier aspecto del presente sitio web. El contenido no constituye una promesa ni una garant\u00eda con respecto a nuestros productos, especialmente en lo concerniente a su comerciabilidad o su idoneidad contractual para un prop\u00f3sito espec\u00edfico. Toda declaraci\u00f3n de proyecci\u00f3n futura de nuestro sitio web se basa \u00fanicamente en opiniones, estimaciones (preliminares) o supuestos por parte de la direcci\u00f3n de thyssenkrupp Materials Ib\u00e9rica S.A. . Como tales, est\u00e1n sujetos a riesgos e incertidumbres. thyssenkrupp Plastic Ib\u00e9rica S.L.U. no est\u00e1 obligada a actualizar dichas declaraciones de proyecci\u00f3n futura. thyssenkrupp Plastic Ib\u00e9rica S.L.U. se reserva el derecho de realizar modificaciones o ampliaciones de la informaci\u00f3n o los datos proporcionados en todo momento sin previo aviso.<\/p>\n<p>V\u00ednculos a terceros. El sitio web puede contener v\u00ednculos a sitios web de terceros, incluidos sitios de redes sociales. El acceso y uso de esos sitios web vinculados no se rige por esta pol\u00edtica. Estos sitios web de terceros se rigen por sus propias pol\u00edticas de privacidad no es responsable de las pr\u00e1cticas sobre informaci\u00f3n de dichos sitios web.<\/p>\n<\/div>\n<div id=\"ucp5440093\" class=\"standard-text rich-text ng-star-inserted\">\n<h2>Marcas comerciales<\/h2>\n<p>A menos que se indique lo contrario, todas las marcas comerciales utilizadas en los sitios web de thyssenkrupp Plastic Ib\u00e9rica S.L.U. est\u00e1n protegidas por la legislaci\u00f3n sobre marcas comerciales y no pueden utilizarse sin el permiso por escrito de thyssenkrupp Plastic Ib\u00e9rica S.L.U. . Esto mismo se aplica a los logotipos y distintivos corporativos.<\/p>\n<\/div>\n<\/div>\n<\/div>\n<\/div>\n<\/div>\n<\/div>\n<\/div>\n<\/div>\n<\/div>\n<\/div>\n<\/div>\n<\/div>\n<\/div>\n","protected":false},"excerpt":{"rendered":"<p>Protecci\u00f3n de datos thyssenkrupp Materials Ib\u00e9rica S.A. ofrece el contenido del sitio web para que thyssenkrupp Plastic Ib\u00e9rica S.L.U. pueda leer informaci\u00f3n sobre la gama de productos de thyssenkrupp Plastic&#8230;<\/p>\n","protected":false},"author":1,"featured_media":0,"parent":0,"menu_order":0,"comment_status":"closed","ping_status":"open","template":"","meta":{"footnotes":""},"class_list":["post-3","page","type-page","status-publish"],"yoast_head":"<!-- This site is optimized with the Yoast SEO plugin v25.9 - https:\/\/yoast.com\/wordpress\/plugins\/seo\/ -->\n<title>Aviso Legal - SolarZone \u00ae<\/title>\n<meta name=\"robots\" content=\"noindex, nofollow\" \/>\n<meta property=\"og:locale\" content=\"es_ES\" \/>\n<meta property=\"og:type\" content=\"article\" \/>\n<meta property=\"og:title\" content=\"Aviso Legal - SolarZone \u00ae\" \/>\n<meta property=\"og:description\" content=\"Protecci\u00f3n de datos thyssenkrupp Materials Ib\u00e9rica S.A. ofrece el contenido del sitio web para que thyssenkrupp Plastic Ib\u00e9rica S.L.U. pueda leer informaci\u00f3n sobre la gama de productos de thyssenkrupp Plastic...\" \/>\n<meta property=\"og:url\" content=\"https:\/\/thyssenkrupp-plastic.es\/solarzone\/aviso-legal\/\" \/>\n<meta property=\"og:site_name\" content=\"SolarZone \u00ae\" \/>\n<meta property=\"article:modified_time\" content=\"2020-06-05T10:43:16+00:00\" \/>\n<meta name=\"twitter:card\" content=\"summary_large_image\" \/>\n<meta name=\"twitter:label1\" content=\"Tiempo de lectura\" \/>\n\t<meta name=\"twitter:data1\" content=\"12 minutos\" \/>\n<script type=\"application\/ld+json\" class=\"yoast-schema-graph\">{\"@context\":\"https:\/\/schema.org\",\"@graph\":[{\"@type\":\"WebPage\",\"@id\":\"https:\/\/thyssenkrupp-plastic.es\/solarzone\/aviso-legal\/\",\"url\":\"https:\/\/thyssenkrupp-plastic.es\/solarzone\/aviso-legal\/\",\"name\":\"Aviso Legal - SolarZone \u00ae\",\"isPartOf\":{\"@id\":\"https:\/\/thyssenkrupp-plastic.es\/solarzone\/#website\"},\"datePublished\":\"2019-11-05T08:51:59+00:00\",\"dateModified\":\"2020-06-05T10:43:16+00:00\",\"breadcrumb\":{\"@id\":\"https:\/\/thyssenkrupp-plastic.es\/solarzone\/aviso-legal\/#breadcrumb\"},\"inLanguage\":\"es\",\"potentialAction\":[{\"@type\":\"ReadAction\",\"target\":[\"https:\/\/thyssenkrupp-plastic.es\/solarzone\/aviso-legal\/\"]}]},{\"@type\":\"BreadcrumbList\",\"@id\":\"https:\/\/thyssenkrupp-plastic.es\/solarzone\/aviso-legal\/#breadcrumb\",\"itemListElement\":[{\"@type\":\"ListItem\",\"position\":1,\"name\":\"Portada\",\"item\":\"https:\/\/thyssenkrupp-plastic.es\/solarzone\/\"},{\"@type\":\"ListItem\",\"position\":2,\"name\":\"Aviso Legal\"}]},{\"@type\":\"WebSite\",\"@id\":\"https:\/\/thyssenkrupp-plastic.es\/solarzone\/#website\",\"url\":\"https:\/\/thyssenkrupp-plastic.es\/solarzone\/\",\"name\":\"SolarZone \u00ae\",\"description\":\"\",\"publisher\":{\"@id\":\"https:\/\/thyssenkrupp-plastic.es\/solarzone\/#organization\"},\"potentialAction\":[{\"@type\":\"SearchAction\",\"target\":{\"@type\":\"EntryPoint\",\"urlTemplate\":\"https:\/\/thyssenkrupp-plastic.es\/solarzone\/?s={search_term_string}\"},\"query-input\":{\"@type\":\"PropertyValueSpecification\",\"valueRequired\":true,\"valueName\":\"search_term_string\"}}],\"inLanguage\":\"es\"},{\"@type\":\"Organization\",\"@id\":\"https:\/\/thyssenkrupp-plastic.es\/solarzone\/#organization\",\"name\":\"SolarZone \u00ae L\u00e1minas Solares\",\"url\":\"https:\/\/thyssenkrupp-plastic.es\/solarzone\/\",\"logo\":{\"@type\":\"ImageObject\",\"inLanguage\":\"es\",\"@id\":\"https:\/\/thyssenkrupp-plastic.es\/solarzone\/#\/schema\/logo\/image\/\",\"url\":\"https:\/\/thyssenkrupp-plastic.es\/solarzone\/wp-content\/uploads\/2019\/11\/logo_solarzone.jpg\",\"contentUrl\":\"https:\/\/thyssenkrupp-plastic.es\/solarzone\/wp-content\/uploads\/2019\/11\/logo_solarzone.jpg\",\"width\":245,\"height\":98,\"caption\":\"SolarZone \u00ae L\u00e1minas Solares\"},\"image\":{\"@id\":\"https:\/\/thyssenkrupp-plastic.es\/solarzone\/#\/schema\/logo\/image\/\"}}]}<\/script>\n<!-- \/ Yoast SEO plugin. -->","yoast_head_json":{"title":"Aviso Legal - SolarZone \u00ae","robots":{"index":"noindex","follow":"nofollow"},"og_locale":"es_ES","og_type":"article","og_title":"Aviso Legal - SolarZone \u00ae","og_description":"Protecci\u00f3n de datos thyssenkrupp Materials Ib\u00e9rica S.A. ofrece el contenido del sitio web para que thyssenkrupp Plastic Ib\u00e9rica S.L.U. pueda leer informaci\u00f3n sobre la gama de productos de thyssenkrupp Plastic...","og_url":"https:\/\/thyssenkrupp-plastic.es\/solarzone\/aviso-legal\/","og_site_name":"SolarZone \u00ae","article_modified_time":"2020-06-05T10:43:16+00:00","twitter_card":"summary_large_image","twitter_misc":{"Tiempo de lectura":"12 minutos"},"schema":{"@context":"https:\/\/schema.org","@graph":[{"@type":"WebPage","@id":"https:\/\/thyssenkrupp-plastic.es\/solarzone\/aviso-legal\/","url":"https:\/\/thyssenkrupp-plastic.es\/solarzone\/aviso-legal\/","name":"Aviso Legal - SolarZone \u00ae","isPartOf":{"@id":"https:\/\/thyssenkrupp-plastic.es\/solarzone\/#website"},"datePublished":"2019-11-05T08:51:59+00:00","dateModified":"2020-06-05T10:43:16+00:00","breadcrumb":{"@id":"https:\/\/thyssenkrupp-plastic.es\/solarzone\/aviso-legal\/#breadcrumb"},"inLanguage":"es","potentialAction":[{"@type":"ReadAction","target":["https:\/\/thyssenkrupp-plastic.es\/solarzone\/aviso-legal\/"]}]},{"@type":"BreadcrumbList","@id":"https:\/\/thyssenkrupp-plastic.es\/solarzone\/aviso-legal\/#breadcrumb","itemListElement":[{"@type":"ListItem","position":1,"name":"Portada","item":"https:\/\/thyssenkrupp-plastic.es\/solarzone\/"},{"@type":"ListItem","position":2,"name":"Aviso Legal"}]},{"@type":"WebSite","@id":"https:\/\/thyssenkrupp-plastic.es\/solarzone\/#website","url":"https:\/\/thyssenkrupp-plastic.es\/solarzone\/","name":"SolarZone \u00ae","description":"","publisher":{"@id":"https:\/\/thyssenkrupp-plastic.es\/solarzone\/#organization"},"potentialAction":[{"@type":"SearchAction","target":{"@type":"EntryPoint","urlTemplate":"https:\/\/thyssenkrupp-plastic.es\/solarzone\/?s={search_term_string}"},"query-input":{"@type":"PropertyValueSpecification","valueRequired":true,"valueName":"search_term_string"}}],"inLanguage":"es"},{"@type":"Organization","@id":"https:\/\/thyssenkrupp-plastic.es\/solarzone\/#organization","name":"SolarZone \u00ae L\u00e1minas Solares","url":"https:\/\/thyssenkrupp-plastic.es\/solarzone\/","logo":{"@type":"ImageObject","inLanguage":"es","@id":"https:\/\/thyssenkrupp-plastic.es\/solarzone\/#\/schema\/logo\/image\/","url":"https:\/\/thyssenkrupp-plastic.es\/solarzone\/wp-content\/uploads\/2019\/11\/logo_solarzone.jpg","contentUrl":"https:\/\/thyssenkrupp-plastic.es\/solarzone\/wp-content\/uploads\/2019\/11\/logo_solarzone.jpg","width":245,"height":98,"caption":"SolarZone \u00ae L\u00e1minas Solares"},"image":{"@id":"https:\/\/thyssenkrupp-plastic.es\/solarzone\/#\/schema\/logo\/image\/"}}]}},"_links":{"self":[{"href":"https:\/\/thyssenkrupp-plastic.es\/solarzone\/wp-json\/wp\/v2\/pages\/3","targetHints":{"allow":["GET"]}}],"collection":[{"href":"https:\/\/thyssenkrupp-plastic.es\/solarzone\/wp-json\/wp\/v2\/pages"}],"about":[{"href":"https:\/\/thyssenkrupp-plastic.es\/solarzone\/wp-json\/wp\/v2\/types\/page"}],"author":[{"embeddable":true,"href":"https:\/\/thyssenkrupp-plastic.es\/solarzone\/wp-json\/wp\/v2\/users\/1"}],"replies":[{"embeddable":true,"href":"https:\/\/thyssenkrupp-plastic.es\/solarzone\/wp-json\/wp\/v2\/comments?post=3"}],"version-history":[{"count":2,"href":"https:\/\/thyssenkrupp-plastic.es\/solarzone\/wp-json\/wp\/v2\/pages\/3\/revisions"}],"predecessor-version":[{"id":214,"href":"https:\/\/thyssenkrupp-plastic.es\/solarzone\/wp-json\/wp\/v2\/pages\/3\/revisions\/214"}],"wp:attachment":[{"href":"https:\/\/thyssenkrupp-plastic.es\/solarzone\/wp-json\/wp\/v2\/media?parent=3"}],"curies":[{"name":"wp","href":"https:\/\/api.w.org\/{rel}","templated":true}]}}